{"id":639,"date":"2016-03-15T13:06:19","date_gmt":"2016-03-15T13:06:19","guid":{"rendered":"http:\/\/www.casalenelparco.com\/en\/escursioni\/"},"modified":"2019-03-31T19:03:25","modified_gmt":"2019-03-31T17:03:25","slug":"excursions","status":"publish","type":"page","link":"https:\/\/www.casalenelparco.com\/en\/excursions\/","title":{"rendered":"Excursions in the park"},"content":{"rendered":"<h1>\n\t\tEXCURSIONS IN THE PARK\n\t<\/h1>\n\t<p>There are many trails for discovering the Sibillini Mountains, with a network of roads covering more than 450 km. Whether on foot, by bicycle, car, motorcycle or camper van, or on the back of a horse or mule, you can follow the old<strong> shepherd&#8217;s paths<\/strong>, cross the <strong>famous water meadows<\/strong> (drained by the Benedictine monks), and visit the many <strong>historical attractions in and around Norcia: <\/strong>Castellina, the Town Hall, S. Francesco, S. Agostino, the Abbey of Saint Eutizio, S. Salvatore di Campi, Madonna Bianca di Ancarano, the Piani di Castelluccio, and the climb up Monte Vettore and Monte Patino.<\/p>\n\t<p>Molte delle strade che si percorrono attraversano anche ambienti naturali abbastanza isolati, non \u00e8 raro, quindi, imbattersi in animali selvatici ed \u00e8, quindi, assolutamente indispensabile rispettare i limiti di velocit\u00e0 consigliati e prestare particolare attenzione nella guida.<\/p>\n<p><strong>Da Norcia si pu\u00f2 raggiungere il mare<\/strong> attraverso il traforo che la mette in comunicazione con le Marche (siamo distanti dal mare soltanto 60 km.).<\/p>\n<p>Si pu\u00f2 usufruire dell&#8217;<a href=\"\/sport\/\"><strong>organizzazione delle Guide del Parco<\/strong><\/a>.<\/p>\n\t<h3>1. The Valle Castoriana Route<\/h3>\n<p>This route takes you through Valle Castoriana, a valley rich in history, architecture and religion.\u00a0<\/p>\n<p>You can go<strong> by car<\/strong> or by <strong>mountain bike<\/strong>, if you&#8217;re feeling energetic.<\/p>\n<p>Starting from Norcia and continuing along the Preci-Visso provincial road, you come to: <strong>Norcia<\/strong> \u2192 <strong>Ancarano<\/strong> \u2192 <strong>Campi<\/strong> \u2192 <strong>the Abbey of Saint Eutizio<\/strong> \u2192 <strong>Preci<\/strong> \u2192 <strong>Visso<\/strong> \u2192 <strong>Ussita<\/strong> \u2192 <strong>Macereto<\/strong> \u2192 <strong>Fiastra<\/strong> \u2192 <strong>Pievetorina<\/strong> \u2192 <strong>Visso<\/strong> \u2192 <strong>Preci<\/strong> \u2192 <strong>Abeto<\/strong> \u2192 <strong>Norcia<\/strong><\/p>\n\t<h3>2. The Monti Sibillini Route<\/h3>\n<p>It is recommended to take this route <strong>by car<\/strong> as there are many places that can be seen in a short time; but if you particularly love cycling and feel up to a long time on the saddle, you can safely use your own <strong>mountain bike<\/strong>.<\/p>\n<p><strong>Norcia<\/strong> \u2192 <strong>Castelluccio<\/strong> \u2192 <strong>Forca di Presta<\/strong> \u2192 <strong>Montegallo<\/strong> \u2192 <strong>Montemonaco<\/strong> \u2192 <strong>Montefortino<\/strong> \u2192 <strong>Montemonaco<\/strong> \u2192 <strong>Montegallo<\/strong> \u2192 <strong>Arquata<\/strong> \u2192 <strong>Norcia<\/strong><\/p>\n\t<h3>3. The hiking route<\/h3>\n<p>This is a route to be enjoyed <strong>on foot<\/strong> as it involves many new and ancient paths leading to:<\/p>\n<p><strong>Lago di Pilato<\/strong> \u2192 <strong>Pizzo del Diavolo<\/strong> \u2192 <strong>Monte della Sibilla<\/strong> \u2192 <strong>Laghetto<\/strong> \u2192 <strong>Cippo<\/strong> \u2192 <strong>Pantani<\/strong><\/p>\n<p>Beauties of nature to be seen: Dinaric Gentian &#8211; Apennine Edelweiss &#8211; Turk&#8217;s Cap Lily &#8211; Peonies &#8211; Golden Eagle.\u00a0<\/p>\n\t\t\t<a href=\"\/en\/contact\/\" target=\"_self\" role=\"button\" rel=\"noopener noreferrer\">\n\t\t\t\t\t\tCONTACT US\n\t\t\t\t\t<\/a>\n\t\t\t<a href=\"\/en\/request-quote\/\" target=\"_self\" role=\"button\" rel=\"noopener noreferrer\">\n\t\t\t\t\t\tREQUEST A QUOTE\n\t\t\t\t\t<\/a>\n\t<h6>or call us<br \/>\n<strong>FOR ROOMS\u00a0<a href=\"tel:+39 0743 816481\">+39\u00a00743 816481<br \/>\n<\/a><\/strong><strong>FOR RESTAURANT +<a href=\"tel:+39 0743816218\">39 0743 816218<\/a><\/strong><\/h6>\n","protected":false},"excerpt":{"rendered":"<p>EXCURSIONS IN THE PARK There are many trails for discovering the Sibillini Mountains, with a network of roads covering more than 450 km. Whether on foot, by bicycle, car, motorcycle or camper van, or on the back of a horse or mule, you can follow the old shepherd&#8217;s paths, cross the famous water meadows (drained [&hellip;]<\/p>\n","protected":false},"author":1,"featured_media":0,"parent":0,"menu_order":0,"comment_status":"closed","ping_status":"closed","template":"","meta":{"_genesis_hide_title":false,"_genesis_hide_breadcrumbs":false,"_genesis_hide_singular_image":false,"_genesis_hide_footer_widgets":false,"_genesis_custom_body_class":"","_genesis_custom_post_class":"","_genesis_layout":"","footnotes":""},"class_list":{"0":"post-639","1":"page","2":"type-page","3":"status-publish","5":"entry","6":"has-post-thumbnail"},"yoast_head":"<!-- This site is optimized with the Yoast SEO plugin v27.5 - https:\/\/yoast.com\/product\/yoast-seo-wordpress\/ -->\n<title>Excursions in the park - Agriturismo Casale nel Parco dei Monti Sibillini<\/title>\n<meta name=\"robots\" content=\"index, follow, max-snippet:-1, max-image-preview:large, max-video-preview:-1\" \/>\n<link rel=\"canonical\" href=\"https:\/\/www.casalenelparco.com\/en\/excursions\/\" \/>\n<meta property=\"og:locale\" content=\"en_US\" \/>\n<meta property=\"og:type\" content=\"article\" \/>\n<meta property=\"og:title\" content=\"Excursions in the park - Agriturismo Casale nel Parco dei Monti Sibillini\" \/>\n<meta property=\"og:description\" content=\"EXCURSIONS IN THE PARK There are many trails for discovering the Sibillini Mountains, with a network of roads covering more than 450 km. Whether on foot, by bicycle, car, motorcycle or camper van, or on the back of a horse or mule, you can follow the old shepherd&#8217;s paths, cross the famous water meadows (drained [&hellip;]\" \/>\n<meta property=\"og:url\" content=\"https:\/\/www.casalenelparco.com\/en\/excursions\/\" \/>\n<meta property=\"og:site_name\" content=\"Agriturismo Casale nel Parco dei Monti Sibillini\" \/>\n<meta property=\"article:publisher\" content=\"https:\/\/www.facebook.com\/casalenelparco\/\" \/>\n<meta property=\"article:modified_time\" content=\"2019-03-31T17:03:25+00:00\" \/>\n<meta property=\"og:image\" content=\"https:\/\/www.casalenelparco.com\/wp-content\/uploads\/2020\/10\/Esterno_Casale2.jpeg\" \/>\n\t<meta property=\"og:image:width\" content=\"1600\" \/>\n\t<meta property=\"og:image:height\" content=\"1066\" \/>\n\t<meta property=\"og:image:type\" content=\"image\/jpeg\" \/>\n<meta name=\"twitter:card\" content=\"summary_large_image\" \/>\n<meta name=\"twitter:label1\" content=\"Est. reading time\" \/>\n\t<meta name=\"twitter:data1\" content=\"2 minutes\" \/>\n<script type=\"application\/ld+json\" class=\"yoast-schema-graph\">{\"@context\":\"https:\\\/\\\/schema.org\",\"@graph\":[{\"@type\":\"WebPage\",\"@id\":\"https:\\\/\\\/www.casalenelparco.com\\\/en\\\/excursions\\\/\",\"url\":\"https:\\\/\\\/www.casalenelparco.com\\\/en\\\/excursions\\\/\",\"name\":\"Excursions in the park - Agriturismo Casale nel Parco dei Monti Sibillini\",\"isPartOf\":{\"@id\":\"https:\\\/\\\/www.casalenelparco.com\\\/#website\"},\"datePublished\":\"2016-03-15T13:06:19+00:00\",\"dateModified\":\"2019-03-31T17:03:25+00:00\",\"breadcrumb\":{\"@id\":\"https:\\\/\\\/www.casalenelparco.com\\\/en\\\/excursions\\\/#breadcrumb\"},\"inLanguage\":\"en-US\",\"potentialAction\":[{\"@type\":\"ReadAction\",\"target\":[\"https:\\\/\\\/www.casalenelparco.com\\\/en\\\/excursions\\\/\"]}]},{\"@type\":\"BreadcrumbList\",\"@id\":\"https:\\\/\\\/www.casalenelparco.com\\\/en\\\/excursions\\\/#breadcrumb\",\"itemListElement\":[{\"@type\":\"ListItem\",\"position\":1,\"name\":\"Home\",\"item\":\"https:\\\/\\\/www.casalenelparco.com\\\/en\\\/\"},{\"@type\":\"ListItem\",\"position\":2,\"name\":\"Excursions in the park\"}]},{\"@type\":\"WebSite\",\"@id\":\"https:\\\/\\\/www.casalenelparco.com\\\/#website\",\"url\":\"https:\\\/\\\/www.casalenelparco.com\\\/\",\"name\":\"Agriturismo Casale nel Parco dei Monti Sibillini\",\"description\":\"Agriturismo a Norcia\",\"publisher\":{\"@id\":\"https:\\\/\\\/www.casalenelparco.com\\\/#organization\"},\"potentialAction\":[{\"@type\":\"SearchAction\",\"target\":{\"@type\":\"EntryPoint\",\"urlTemplate\":\"https:\\\/\\\/www.casalenelparco.com\\\/?s={search_term_string}\"},\"query-input\":{\"@type\":\"PropertyValueSpecification\",\"valueRequired\":true,\"valueName\":\"search_term_string\"}}],\"inLanguage\":\"en-US\"},{\"@type\":\"Organization\",\"@id\":\"https:\\\/\\\/www.casalenelparco.com\\\/#organization\",\"name\":\"Agriturismo Casale nel Parco dei Monti Sibillini\",\"url\":\"https:\\\/\\\/www.casalenelparco.com\\\/\",\"logo\":{\"@type\":\"ImageObject\",\"inLanguage\":\"en-US\",\"@id\":\"https:\\\/\\\/www.casalenelparco.com\\\/#\\\/schema\\\/logo\\\/image\\\/\",\"url\":\"https:\\\/\\\/www.casalenelparco.com\\\/wp-content\\\/uploads\\\/2016\\\/06\\\/logo-quadrato-casale-parco.png\",\"contentUrl\":\"https:\\\/\\\/www.casalenelparco.com\\\/wp-content\\\/uploads\\\/2016\\\/06\\\/logo-quadrato-casale-parco.png\",\"width\":636,\"height\":636,\"caption\":\"Agriturismo Casale nel Parco dei Monti Sibillini\"},\"image\":{\"@id\":\"https:\\\/\\\/www.casalenelparco.com\\\/#\\\/schema\\\/logo\\\/image\\\/\"},\"sameAs\":[\"https:\\\/\\\/www.facebook.com\\\/casalenelparco\\\/\",\"https:\\\/\\\/www.instagram.com\\\/casalenelparco\\\/\",\"https:\\\/\\\/www.linkedin.com\\\/company\\\/72605186\\\/admin\\\/\",\"http:\\\/\\\/pinterest.com\\\/casalenelparco\",\"https:\\\/\\\/www.youtube.com\\\/channel\\\/UCzT9E7c-ctmBBtVYyUIZo1w\"]}]}<\/script>\n<!-- \/ Yoast SEO plugin. -->","yoast_head_json":{"title":"Excursions in the park - Agriturismo Casale nel Parco dei Monti Sibillini","robots":{"index":"index","follow":"follow","max-snippet":"max-snippet:-1","max-image-preview":"max-image-preview:large","max-video-preview":"max-video-preview:-1"},"canonical":"https:\/\/www.casalenelparco.com\/en\/excursions\/","og_locale":"en_US","og_type":"article","og_title":"Excursions in the park - Agriturismo Casale nel Parco dei Monti Sibillini","og_description":"EXCURSIONS IN THE PARK There are many trails for discovering the Sibillini Mountains, with a network of roads covering more than 450 km. Whether on foot, by bicycle, car, motorcycle or camper van, or on the back of a horse or mule, you can follow the old shepherd&#8217;s paths, cross the famous water meadows (drained [&hellip;]","og_url":"https:\/\/www.casalenelparco.com\/en\/excursions\/","og_site_name":"Agriturismo Casale nel Parco dei Monti Sibillini","article_publisher":"https:\/\/www.facebook.com\/casalenelparco\/","article_modified_time":"2019-03-31T17:03:25+00:00","og_image":[{"width":1600,"height":1066,"url":"https:\/\/www.casalenelparco.com\/wp-content\/uploads\/2020\/10\/Esterno_Casale2.jpeg","type":"image\/jpeg"}],"twitter_card":"summary_large_image","twitter_misc":{"Est. reading time":"2 minutes"},"schema":{"@context":"https:\/\/schema.org","@graph":[{"@type":"WebPage","@id":"https:\/\/www.casalenelparco.com\/en\/excursions\/","url":"https:\/\/www.casalenelparco.com\/en\/excursions\/","name":"Excursions in the park - Agriturismo Casale nel Parco dei Monti Sibillini","isPartOf":{"@id":"https:\/\/www.casalenelparco.com\/#website"},"datePublished":"2016-03-15T13:06:19+00:00","dateModified":"2019-03-31T17:03:25+00:00","breadcrumb":{"@id":"https:\/\/www.casalenelparco.com\/en\/excursions\/#breadcrumb"},"inLanguage":"en-US","potentialAction":[{"@type":"ReadAction","target":["https:\/\/www.casalenelparco.com\/en\/excursions\/"]}]},{"@type":"BreadcrumbList","@id":"https:\/\/www.casalenelparco.com\/en\/excursions\/#breadcrumb","itemListElement":[{"@type":"ListItem","position":1,"name":"Home","item":"https:\/\/www.casalenelparco.com\/en\/"},{"@type":"ListItem","position":2,"name":"Excursions in the park"}]},{"@type":"WebSite","@id":"https:\/\/www.casalenelparco.com\/#website","url":"https:\/\/www.casalenelparco.com\/","name":"Agriturismo Casale nel Parco dei Monti Sibillini","description":"Agriturismo a Norcia","publisher":{"@id":"https:\/\/www.casalenelparco.com\/#organization"},"potentialAction":[{"@type":"SearchAction","target":{"@type":"EntryPoint","urlTemplate":"https:\/\/www.casalenelparco.com\/?s={search_term_string}"},"query-input":{"@type":"PropertyValueSpecification","valueRequired":true,"valueName":"search_term_string"}}],"inLanguage":"en-US"},{"@type":"Organization","@id":"https:\/\/www.casalenelparco.com\/#organization","name":"Agriturismo Casale nel Parco dei Monti Sibillini","url":"https:\/\/www.casalenelparco.com\/","logo":{"@type":"ImageObject","inLanguage":"en-US","@id":"https:\/\/www.casalenelparco.com\/#\/schema\/logo\/image\/","url":"https:\/\/www.casalenelparco.com\/wp-content\/uploads\/2016\/06\/logo-quadrato-casale-parco.png","contentUrl":"https:\/\/www.casalenelparco.com\/wp-content\/uploads\/2016\/06\/logo-quadrato-casale-parco.png","width":636,"height":636,"caption":"Agriturismo Casale nel Parco dei Monti Sibillini"},"image":{"@id":"https:\/\/www.casalenelparco.com\/#\/schema\/logo\/image\/"},"sameAs":["https:\/\/www.facebook.com\/casalenelparco\/","https:\/\/www.instagram.com\/casalenelparco\/","https:\/\/www.linkedin.com\/company\/72605186\/admin\/","http:\/\/pinterest.com\/casalenelparco","https:\/\/www.youtube.com\/channel\/UCzT9E7c-ctmBBtVYyUIZo1w"]}]}},"_links":{"self":[{"href":"https:\/\/www.casalenelparco.com\/en\/wp-json\/wp\/v2\/pages\/639\/"}],"collection":[{"href":"https:\/\/www.casalenelparco.com\/en\/wp-json\/wp\/v2\/pages\/"}],"about":[{"href":"https:\/\/www.casalenelparco.com\/en\/wp-json\/wp\/v2\/types\/page\/"}],"author":[{"embeddable":true,"href":"https:\/\/www.casalenelparco.com\/en\/wp-json\/wp\/v2\/users\/1\/"}],"replies":[{"embeddable":true,"href":"https:\/\/www.casalenelparco.com\/en\/wp-json\/wp\/v2\/comments\/?post=639"}],"version-history":[{"count":7,"href":"https:\/\/www.casalenelparco.com\/en\/wp-json\/wp\/v2\/pages\/639\/revisions\/"}],"predecessor-version":[{"id":1382,"href":"https:\/\/www.casalenelparco.com\/en\/wp-json\/wp\/v2\/pages\/639\/revisions\/1382\/"}],"wp:attachment":[{"href":"https:\/\/www.casalenelparco.com\/en\/wp-json\/wp\/v2\/media\/?parent=639"}],"curies":[{"name":"wp","href":"https:\/\/api.w.org\/{rel}","templated":true}]}}